{"id":10863,"date":"2025-08-16T14:00:41","date_gmt":"2025-08-16T14:00:41","guid":{"rendered":"http:\/\/www.alviahome.com\/?page_id=10863"},"modified":"2025-08-17T12:03:03","modified_gmt":"2025-08-17T12:03:03","slug":"kisisel-verilerin-korunmasi","status":"publish","type":"page","link":"https:\/\/www.alviahome.com\/index.php\/kisisel-verilerin-korunmasi\/","title":{"rendered":"Ki\u015fisel Verilerin Korunmas\u0131"},"content":{"rendered":"<div class=\"wpb-content-wrapper\"><p>[vc_row css=&#8221;.vc_custom_1629811873442{margin-bottom: 80px !important;}&#8221; wd_z_index=&#8221;no&#8221; woodmart_css_id=&#8221;6124f49c368cf&#8221; responsive_spacing=&#8221;eyJwYXJhbV90eXBlIjoid29vZG1hcnRfcmVzcG9uc2l2ZV9zcGFjaW5nIiwic2VsZWN0b3JfaWQiOiI2MTI0ZjQ5YzM2OGNmIiwic2hvcnRjb2RlIjoidmNfcm93IiwiZGF0YSI6eyJ0YWJsZXQiOnt9LCJtb2JpbGUiOnsibWFyZ2luLWJvdHRvbSI6IjYwIn19fQ==&#8221; mobile_bg_img_hidden=&#8221;no&#8221; tablet_bg_img_hidden=&#8221;no&#8221; woodmart_parallax=&#8221;0&#8243; woodmart_gradient_switch=&#8221;no&#8221; row_reverse_mobile=&#8221;0&#8243; row_reverse_tablet=&#8221;0&#8243; woodmart_disable_overflow=&#8221;0&#8243;][vc_column offset=&#8221;vc_col-lg-offset-2 vc_col-lg-8 vc_col-md-offset-2 vc_col-md-8 vc_col-sm-offset-0&#8243; css=&#8221;.vc_custom_1499599304156{padding-top: 0px !important;}&#8221;]\n\t\t<div id=\"wd-68a1c4f09b932\" class=\"title-wrapper wd-wpb wd-set-mb reset-last-child  wd-rs-68a1c4f09b932 wd-title-color-default wd-title-style-default text-left vc_custom_1755432177081 wd-underline-colored\">\n\t\t\t\n\t\t\t<div class=\"liner-continer\">\n\t\t\t\t<h4 class=\"woodmart-title-container title  wd-font-weight- wd-fontsize-xxxl\" >Ki\u015fisel Verilerin Korunmas\u0131<\/h4>\n\t\t\t\t\t\t\t<\/div>\n\t\t\t\n\t\t\t\n\t\t\t\n\t\t<\/div>\n\t\t\n\t\t[vc_row_inner][vc_column_inner css=&#8221;.vc_custom_1494857398526{padding-top: 0px !important;}&#8221;]\t\t<div id=\"wd-68a1c4bba0648\" class=\"wd-text-block wd-wpb reset-last-child wd-rs-68a1c4bba0648 text-left wd-fontsize-custom vc_custom_1755432167223\">\n\t\t\t<h5>ALV\u0130A HOME \u0130TH. \u0130HR. \u0130ML. T\u0130C. VE SAN. LTD. \u015eT\u0130 olarak ki\u015fisel verilerinizin g\u00fcvenli\u011fi hususuna azami hassasiyet g\u00f6stermekteyiz. ALV\u0130A HOME veri sorumlusu olarak 6698 say\u0131l\u0131 Ki\u015fisel Verilerin Korunmas\u0131 Kanunu\u2019na (\u201cKVK Kanunu\u201d) uyum sa\u011flamas\u0131 i\u00e7in KVK Kanunu\u2019nun \u00f6ng\u00f6rd\u00fc\u011f\u00fc ilkeleri benimsemekte, ki\u015fisel verilerin i\u015flenmesi, silinmesi, yok edilmesi, anonim hale getirilmesi, aktar\u0131lmas\u0131, ilgili ki\u015finin ayd\u0131nlat\u0131lmas\u0131 ve veri g\u00fcvenli\u011finin sa\u011flanmas\u0131yla ilgili y\u00fck\u00fcml\u00fcl\u00fcklerini yerine getirmektedir.<br \/>\nALV\u0130A HOME taraf\u0131ndan ki\u015fisel verilerinizin ne t\u00fcr y\u00f6ntemler arac\u0131l\u0131\u011f\u0131yla ve hangi ama\u00e7lar do\u011frultusunda i\u015flendi\u011fi ve sakland\u0131\u011f\u0131 hakk\u0131nda daha detayl\u0131 bilgi i\u00e7in kurum politikalar\u0131m\u0131z\u0131, ayd\u0131nlatma metinlerimizi ve bilgilendirmelerimizi inceleyebilirsiniz.<\/h5>\n\t\t<\/div>\n\t\t[\/vc_column_inner][\/vc_row_inner][\/vc_column][\/vc_row]<\/p>\n<\/div>","protected":false},"excerpt":{"rendered":"<p>[vc_row css=&#8221;.vc_custom_1629811873442{margin-bottom: 80px !important;}&#8221; wd_z_index=&#8221;no&#8221; woodmart_css_id=&#8221;6124f49c368cf&#8221; responsive_spacing=&#8221;eyJwYXJhbV90eXBlIjoid29vZG1hcnRfcmVzcG9uc2l2ZV9zcGFjaW5nIiwic2VsZWN0b3JfaWQiOiI2MTI0ZjQ5YzM2OGNmIiwic2hvcnRjb2RlIjoidmNfcm93IiwiZGF0YSI6eyJ0YWJsZXQiOnt9LCJtb2JpbGUiOnsibWFyZ2luLWJvdHRvbSI6IjYwIn19fQ==&#8221; mobile_bg_img_hidden=&#8221;no&#8221; tablet_bg_img_hidden=&#8221;no&#8221; woodmart_parallax=&#8221;0&#8243; woodmart_gradient_switch=&#8221;no&#8221; row_reverse_mobile=&#8221;0&#8243; row_reverse_tablet=&#8221;0&#8243; woodmart_disable_overflow=&#8221;0&#8243;][vc_column offset=&#8221;vc_col-lg-offset-2 vc_col-lg-8 vc_col-md-offset-2 vc_col-md-8 vc_col-sm-offset-0&#8243; css=&#8221;.vc_custom_1499599304156{padding-top:<\/p>\n","protected":false},"author":1,"featured_media":0,"parent":0,"menu_order":0,"comment_status":"closed","ping_status":"closed","template":"","meta":{"footnotes":""},"class_list":["post-10863","page","type-page","status-publish","hentry"],"_links":{"self":[{"href":"https:\/\/www.alviahome.com\/index.php\/wp-json\/wp\/v2\/pages\/10863","targetHints":{"allow":["GET"]}}],"collection":[{"href":"https:\/\/www.alviahome.com\/index.php\/wp-json\/wp\/v2\/pages"}],"about":[{"href":"https:\/\/www.alviahome.com\/index.php\/wp-json\/wp\/v2\/types\/page"}],"author":[{"embeddable":true,"href":"https:\/\/www.alviahome.com\/index.php\/wp-json\/wp\/v2\/users\/1"}],"replies":[{"embeddable":true,"href":"https:\/\/www.alviahome.com\/index.php\/wp-json\/wp\/v2\/comments?post=10863"}],"version-history":[{"count":3,"href":"https:\/\/www.alviahome.com\/index.php\/wp-json\/wp\/v2\/pages\/10863\/revisions"}],"predecessor-version":[{"id":10916,"href":"https:\/\/www.alviahome.com\/index.php\/wp-json\/wp\/v2\/pages\/10863\/revisions\/10916"}],"wp:attachment":[{"href":"https:\/\/www.alviahome.com\/index.php\/wp-json\/wp\/v2\/media?parent=10863"}],"curies":[{"name":"wp","href":"https:\/\/api.w.org\/{rel}","templated":true}]}}