{"id":10783,"date":"2025-08-16T11:43:45","date_gmt":"2025-08-16T11:43:45","guid":{"rendered":"http:\/\/www.alviahome.com\/?post_type=product&#038;p=10783"},"modified":"2025-08-23T09:00:04","modified_gmt":"2025-08-23T09:00:04","slug":"kristal-koltuk-takimi","status":"publish","type":"product","link":"https:\/\/www.alviahome.com\/index.php\/urun\/kristal-koltuk-takimi\/","title":{"rendered":"Kristal Koltuk Tak\u0131m\u0131"},"content":{"rendered":"<table>\n<tbody>\n<tr>\n<td><strong>Tak\u0131m \u0130\u00e7eri\u011fi<\/strong><\/td>\n<td>2 adet 3\u2019l\u00fc kanepe ve 1 adet berjerden olu\u015fmaktad\u0131r(3+3+1).<\/td>\n<\/tr>\n<tr>\n<td><strong>\u0130skelet \u00d6zel.<\/strong><\/td>\n<td>F\u0131r\u0131nlanm\u0131\u015f g\u00fcrgen a\u011fac\u0131ndan \u00fcretilmi\u015ftir.<\/td>\n<\/tr>\n<tr>\n<td><strong>Kuma\u015f \u00d6zel.<\/strong><\/td>\n<td>Silinebilir ve leke tutmaz kuma\u015f kullan\u0131lm\u0131\u015ft\u0131r.<\/td>\n<\/tr>\n<tr>\n<td><strong>S\u00fcnger \u00d6zel.<\/strong><\/td>\n<td>Orta sertlikte s\u00fcnger kullan\u0131lm\u0131\u015ft\u0131r.<\/td>\n<\/tr>\n<tr>\n<td><strong>Yatak &amp; Sand\u0131k<\/strong><\/td>\n<td>Yatak \u00f6zelli\u011fi bulunmaktad\u0131r.<\/td>\n<\/tr>\n<tr>\n<td><strong>Ayak \u00d6zel.<\/strong><\/td>\n<td>Ayaklar ah\u015fapt\u0131r.<\/td>\n<\/tr>\n<\/tbody>\n<\/table>\n","protected":false},"excerpt":{"rendered":"<ul>\n<li>Tak\u0131mdaki mod\u00fcllerden \u00e7\u0131kartabilir veya ekleyebilirsiniz(3+3+1+1,\u00a03+3,\u00a03+1 gibi.).<\/li>\n<li>\u00c7\u0131kart\u0131lan mod\u00fcl fiyat\u0131 veya\u00a0eklenen mod\u00fcl fiyat\u0131\u00a0tak\u0131m fiyat\u0131na yans\u0131r.<\/li>\n<li>M\u00fc\u015fteri talebine g\u00f6re kuma\u015f\u00a0rengi ve t\u00fcr\u00fc\u00a0de\u011fi\u015febilmektedir, bu de\u011fi\u015fimden olu\u015fan fark tak\u0131m fiyat\u0131na yans\u0131r.<\/li>\n<\/ul>\n","protected":false},"featured_media":10784,"comment_status":"open","ping_status":"closed","template":"","meta":[],"product_brand":[],"product_cat":[191],"product_tag":[],"class_list":{"0":"post-10783","1":"product","2":"type-product","3":"status-publish","4":"has-post-thumbnail","6":"product_cat-koltuk-takimlari","8":"first","9":"instock","10":"taxable","11":"shipping-taxable","12":"purchasable","13":"product-type-simple"},"_links":{"self":[{"href":"https:\/\/www.alviahome.com\/index.php\/wp-json\/wp\/v2\/product\/10783","targetHints":{"allow":["GET"]}}],"collection":[{"href":"https:\/\/www.alviahome.com\/index.php\/wp-json\/wp\/v2\/product"}],"about":[{"href":"https:\/\/www.alviahome.com\/index.php\/wp-json\/wp\/v2\/types\/product"}],"replies":[{"embeddable":true,"href":"https:\/\/www.alviahome.com\/index.php\/wp-json\/wp\/v2\/comments?post=10783"}],"wp:featuredmedia":[{"embeddable":true,"href":"https:\/\/www.alviahome.com\/index.php\/wp-json\/wp\/v2\/media\/10784"}],"wp:attachment":[{"href":"https:\/\/www.alviahome.com\/index.php\/wp-json\/wp\/v2\/media?parent=10783"}],"wp:term":[{"taxonomy":"product_brand","embeddable":true,"href":"https:\/\/www.alviahome.com\/index.php\/wp-json\/wp\/v2\/product_brand?post=10783"},{"taxonomy":"product_cat","embeddable":true,"href":"https:\/\/www.alviahome.com\/index.php\/wp-json\/wp\/v2\/product_cat?post=10783"},{"taxonomy":"product_tag","embeddable":true,"href":"https:\/\/www.alviahome.com\/index.php\/wp-json\/wp\/v2\/product_tag?post=10783"}],"curies":[{"name":"wp","href":"https:\/\/api.w.org\/{rel}","templated":true}]}}